{"id":2,"date":"2023-12-15T10:01:27","date_gmt":"2023-12-15T10:01:27","guid":{"rendered":"https:\/\/help.ceod.net\/?page_id=2"},"modified":"2024-04-14T09:07:46","modified_gmt":"2024-04-14T09:07:46","slug":"sample-page","status":"publish","type":"page","link":"https:\/\/help.ceod.net\/","title":{"rendered":"Home"},"content":{"rendered":"<div class=\"wpb-content-wrapper\"><p>[vc_row][vc_column][vc_empty_space height=&#8221;45&#8243;][vc_custom_heading text=&#8221;Support-Portal ceod.net&#8221; google_fonts=&#8221;font_family:Roboto%3A100%2C100italic%2C300%2C300italic%2Cregular%2Citalic%2C500%2C500italic%2C700%2C700italic%2C900%2C900italic|font_style:400%20regular%3A400%3Anormal&#8221;][vc_empty_space height=&#8221;45&#8243;][\/vc_column][\/vc_row][vc_row][vc_column width=&#8221;1\/2&#8243;][vc_column_text]Willkommen beim Support-Portal von ceod.net (christian eggert online dienste). Es handelt sich bei diesem Support-Portal um ein Ticketsystem, mit dem<\/p>\n<p>&nbsp;<\/p>\n<ul>\n<li>die Pr\u00fcfung der Erreichbarkeit von E-Mail\/Webseiten eingeleitet<\/li>\n<li>Funktionsst\u00f6rungen gemeldet<\/li>\n<li>oder \u00c4nderungsw\u00fcnsche bekannt gegeben<\/li>\n<\/ul>\n<p>&nbsp;<\/p>\n<p>werden k\u00f6nnen. Hierzu m\u00fcssen Sie sich einfach registrieren und dann ein entsprechendes Ticket erfassen. Achten Sie bitte bei der Erfassung der Tickets darauf, dass diese m\u00f6glichst ausf\u00fchrlich beschrieben worden sind. So vermeiden Sie unn\u00f6tige Nachfragen und beschleunigen somit den gesamten Prozess.[\/vc_column_text][\/vc_column][vc_column width=&#8221;1\/2&#8243; css=&#8221;.vc_custom_1712391158013{background-color: #ededed !important;border-radius: 10px !important;}&#8221;][vc_images_carousel images=&#8221;115,116,117,118&#8243; img_size=&#8221;large&#8221; slides_per_view=&#8221;3&#8243; autoplay=&#8221;yes&#8221; hide_pagination_control=&#8221;yes&#8221; hide_prev_next_buttons=&#8221;yes&#8221; wrap=&#8221;yes&#8221;][vc_btn title=&#8221;Zum Kundenportal&#8221; color=&#8221;success&#8221; align=&#8221;center&#8221; link=&#8221;url:https%3A%2F%2Fhelp.ceod.net%2Findex.php%2Fkundenportal%2F|title:Kundenportal&#8221;][\/vc_column][\/vc_row]<\/p>\n<\/div>","protected":false},"excerpt":{"rendered":"<p>[vc_row][vc_column][vc_empty_space height=&#8221;45&#8243;][vc_custom_heading text=&#8221;Support-Portal ceod.net&#8221; google_fonts=&#8221;font_family:Roboto%3A100%2C100italic%2C300%2C300italic%2Cregular%2Citalic%2C500%2C500italic%2C700%2C700italic%2C900%2C900italic|font_style:400%20regular%3A400%3Anormal&#8221;][vc_empty_space height=&#8221;45&#8243;][\/vc_column][\/vc_row][vc_row][vc_column width=&#8221;1\/2&#8243;][vc_column_text]Willkommen beim Support-Portal von ceod.net (christian eggert online dienste). Es handelt sich bei diesem Support-Portal um ein Ticketsystem, mit dem &nbsp; die Pr\u00fcfung der Erreichbarkeit von E-Mail\/Webseiten eingeleitet Funktionsst\u00f6rungen gemeldet oder \u00c4nderungsw\u00fcnsche bekannt gegeben &nbsp; werden k\u00f6nnen. Hierzu m\u00fcssen Sie sich einfach registrieren und dann ein entsprechendes Ticket erfassen.&hellip;<\/p>\n","protected":false},"author":1,"featured_media":0,"parent":0,"menu_order":0,"comment_status":"closed","ping_status":"closed","template":"","meta":{"_acf_changed":false,"footnotes":""},"class_list":["post-2","page","type-page","status-publish","hentry"],"acf":[],"_links":{"self":[{"href":"https:\/\/help.ceod.net\/index.php\/wp-json\/wp\/v2\/pages\/2","targetHints":{"allow":["GET"]}}],"collection":[{"href":"https:\/\/help.ceod.net\/index.php\/wp-json\/wp\/v2\/pages"}],"about":[{"href":"https:\/\/help.ceod.net\/index.php\/wp-json\/wp\/v2\/types\/page"}],"author":[{"embeddable":true,"href":"https:\/\/help.ceod.net\/index.php\/wp-json\/wp\/v2\/users\/1"}],"replies":[{"embeddable":true,"href":"https:\/\/help.ceod.net\/index.php\/wp-json\/wp\/v2\/comments?post=2"}],"version-history":[{"count":30,"href":"https:\/\/help.ceod.net\/index.php\/wp-json\/wp\/v2\/pages\/2\/revisions"}],"predecessor-version":[{"id":124,"href":"https:\/\/help.ceod.net\/index.php\/wp-json\/wp\/v2\/pages\/2\/revisions\/124"}],"wp:attachment":[{"href":"https:\/\/help.ceod.net\/index.php\/wp-json\/wp\/v2\/media?parent=2"}],"curies":[{"name":"wp","href":"https:\/\/api.w.org\/{rel}","templated":true}]}}